{"id":11095,"date":"2025-05-02T11:43:33","date_gmt":"2025-05-02T11:43:33","guid":{"rendered":"https:\/\/www.agence-holi.com\/?page_id=11095"},"modified":"2025-05-02T11:48:35","modified_gmt":"2025-05-02T11:48:35","slug":"mentions-legales","status":"publish","type":"page","link":"https:\/\/www.agence-holi.com\/en\/mentions-legales\/","title":{"rendered":"Mentions l\u00e9gales"},"content":{"rendered":"<div data-elementor-type=\"wp-page\" data-elementor-id=\"11095\" class=\"elementor elementor-11095\">\n\t\t\t\t<div class=\"elementor-element elementor-element-ffa484d e-con-full e-flex e-con e-parent\" data-id=\"ffa484d\" data-element_type=\"container\" data-settings=\"{&quot;wcf_enable_cursor_hover_effect_text&quot;:&quot;View&quot;,&quot;wcf-animation&quot;:&quot;none&quot;}\">\n\t\t<div class=\"elementor-element elementor-element-942d65e e-flex e-con-boxed e-con e-child\" data-id=\"942d65e\" data-element_type=\"container\" data-settings=\"{&quot;wcf_enable_cursor_hover_effect_text&quot;:&quot;View&quot;,&quot;wcf-animation&quot;:&quot;none&quot;}\">\n\t\t\t\t\t<div class=\"e-con-inner\">\n\t\t<div class=\"elementor-element elementor-element-ce1a930 e-flex e-con-boxed e-con e-child\" data-id=\"ce1a930\" data-element_type=\"container\" data-settings=\"{&quot;wcf_enable_cursor_hover_effect_text&quot;:&quot;View&quot;,&quot;wcf-animation&quot;:&quot;none&quot;}\">\n\t\t\t\t\t<div class=\"e-con-inner\">\n\t\t<div class=\"elementor-element elementor-element-82fa285 e-con-full e-flex e-con e-child\" data-id=\"82fa285\" data-element_type=\"container\" data-settings=\"{&quot;wcf_enable_cursor_hover_effect_text&quot;:&quot;View&quot;,&quot;wcf-animation&quot;:&quot;none&quot;}\">\n\t\t\t\t<div class=\"elementor-element elementor-element-6092805 elementor-widget-mobile__width-inherit elementor-widget-laptop__width-initial wcf-t-animation-none elementor-widget elementor-widget-wcf--title\" data-id=\"6092805\" data-element_type=\"widget\" data-settings=\"{&quot;data-duration&quot;:0.75,&quot;fade_animation_breakpoint&quot;:&quot;mobile&quot;,&quot;wcf-animation&quot;:&quot;fade&quot;,&quot;fade-offset&quot;:40,&quot;wcf_text_animation&quot;:&quot;none&quot;,&quot;delay&quot;:0.15,&quot;fade-from&quot;:&quot;top&quot;,&quot;ease&quot;:&quot;power2.out&quot;,&quot;fade_breakpoint_min_max&quot;:&quot;min&quot;}\" data-widget_type=\"wcf--title.default\">\n\t\t\t\t<div class=\"elementor-widget-container\">\n\t\t\t\t\t<h2 class=\"wcf--title\">Mentions l\u00e9gales<\/h2>\t\t\t\t<\/div>\n\t\t\t\t<\/div>\n\t\t\t\t<\/div>\n\t\t\t\t\t<\/div>\n\t\t\t\t<\/div>\n\t\t<div class=\"elementor-element elementor-element-4246d36 e-con-full e-flex e-con e-child\" data-id=\"4246d36\" data-element_type=\"container\" data-settings=\"{&quot;wcf_enable_cursor_hover_effect_text&quot;:&quot;View&quot;,&quot;wcf-animation&quot;:&quot;none&quot;}\">\n\t\t\t\t<div class=\"elementor-element elementor-element-2ec48f9 elementor-widget-mobile_extra__width-inherit wcf-t-animation-none elementor-widget elementor-widget-wcf--text\" data-id=\"2ec48f9\" data-element_type=\"widget\" data-settings=\"{&quot;data-duration&quot;:0.75,&quot;fade_animation_breakpoint&quot;:&quot;mobile&quot;,&quot;wcf-animation&quot;:&quot;fade&quot;,&quot;fade-offset&quot;:40,&quot;wcf_text_animation&quot;:&quot;none&quot;,&quot;delay&quot;:0.15,&quot;on-scroll&quot;:1,&quot;fade-from&quot;:&quot;top&quot;,&quot;ease&quot;:&quot;power2.out&quot;,&quot;fade_breakpoint_min_max&quot;:&quot;min&quot;}\" data-widget_type=\"wcf--text.default\">\n\t\t\t\t<div class=\"elementor-widget-container\">\n\t\t\t\t\t<div class=\"wcf--text\"><p>Le pr\u00e9sent site est la propri\u00e9t\u00e9 de <strong>HOLI ALL OVER THE COM<\/strong><br \/>S.A.R.L. au capital de 40 000\u20ac.<\/p><p><strong>Immatriculation au RCS de Roubaix-Tourcoing<\/strong>\u00a0404 866 618 00030<br \/><strong>n\u00b0 APE-NAF :<\/strong>\u00a01813Z<\/p><p><strong>Adresse :\u00a0<\/strong>61 rue de la Cimaise &#8211; B\u00e2t. A &#8211; 59650 Villeneuve d\u2019Ascq<br \/><strong>T\u00e9l\u00e9phone :<\/strong>\u00a003 20 81 82 83<br \/><strong>Direction g\u00e9n\u00e9rale :<\/strong>\u00a0Monsieur Lo\u00efc Pennel<\/p><div class=\"sstitre\">Publication<\/div><p>Le directeur de la publication est Mr Lo\u00efc Pennel en sa qualit\u00e9 de g\u00e9rant.<\/p><div class=\"sstitre\">H\u00e9bergement<\/div><div>Identit\u00e9 h\u00e9bergeur&#8230;<\/div><\/div>\t\t\t\t<\/div>\n\t\t\t\t<\/div>\n\t\t\t\t<div class=\"elementor-element elementor-element-7f84822 elementor-widget-mobile_extra__width-inherit wcf-t-animation-none elementor-widget elementor-widget-wcf--text\" data-id=\"7f84822\" data-element_type=\"widget\" data-settings=\"{&quot;data-duration&quot;:0.75,&quot;fade_animation_breakpoint&quot;:&quot;mobile&quot;,&quot;wcf-animation&quot;:&quot;fade&quot;,&quot;fade-offset&quot;:40,&quot;wcf_text_animation&quot;:&quot;none&quot;,&quot;delay&quot;:0.15,&quot;on-scroll&quot;:1,&quot;fade-from&quot;:&quot;top&quot;,&quot;ease&quot;:&quot;power2.out&quot;,&quot;fade_breakpoint_min_max&quot;:&quot;min&quot;}\" data-widget_type=\"wcf--text.default\">\n\t\t\t\t<div class=\"elementor-widget-container\">\n\t\t\t\t\t<div class=\"wcf--text\"><p>Pour d&rsquo;\u00e9ventuels renseignements, veuillez contacter l&rsquo;adresse suivante : hello@agence-holi.com<\/p><\/div>\t\t\t\t<\/div>\n\t\t\t\t<\/div>\n\t\t\t\t<\/div>\n\t\t\t\t\t<\/div>\n\t\t\t\t<\/div>\n\t\t\t\t<\/div>\n\t\t\t\t<\/div>","protected":false},"excerpt":{"rendered":"<p>Mentions l\u00e9gales Le pr\u00e9sent site est la propri\u00e9t\u00e9 de HOLI ALL OVER THE COMS.A.R.L. au capital de 40 000\u20ac. Immatriculation au RCS de Roubaix-Tourcoing\u00a0404 866 618 00030n\u00b0 APE-NAF :\u00a01813Z Adresse :\u00a061 rue de la Cimaise &#8211; B\u00e2t. A &#8211; 59650 Villeneuve d\u2019AscqT\u00e9l\u00e9phone :\u00a003 20 81 82 83Direction g\u00e9n\u00e9rale :\u00a0Monsieur Lo\u00efc Pennel Publication Le directeur de [&hellip;]<\/p>","protected":false},"author":1,"featured_media":0,"parent":0,"menu_order":0,"comment_status":"closed","ping_status":"closed","template":"elementor_header_footer","meta":{"footnotes":""},"class_list":["post-11095","page","type-page","status-publish","hentry"],"yoast_head":"<!-- This site is optimized with the Yoast SEO plugin v26.1.1 - https:\/\/yoast.com\/wordpress\/plugins\/seo\/ -->\n<title>Mentions l\u00e9gales - Agence Holi<\/title>\n<meta name=\"robots\" content=\"index, follow, max-snippet:-1, max-image-preview:large, max-video-preview:-1\" \/>\n<link rel=\"canonical\" href=\"https:\/\/www.agence-holi.com\/en\/mentions-legales\/\" \/>\n<meta property=\"og:locale\" content=\"en_US\" \/>\n<meta property=\"og:type\" content=\"article\" \/>\n<meta property=\"og:title\" content=\"Mentions l\u00e9gales - Agence Holi\" \/>\n<meta property=\"og:description\" content=\"Mentions l\u00e9gales Le pr\u00e9sent site est la propri\u00e9t\u00e9 de HOLI ALL OVER THE COMS.A.R.L. au capital de 40 000\u20ac. Immatriculation au RCS de Roubaix-Tourcoing\u00a0404 866 618 00030n\u00b0 APE-NAF :\u00a01813Z Adresse :\u00a061 rue de la Cimaise &#8211; B\u00e2t. A &#8211; 59650 Villeneuve d\u2019AscqT\u00e9l\u00e9phone :\u00a003 20 81 82 83Direction g\u00e9n\u00e9rale :\u00a0Monsieur Lo\u00efc Pennel Publication Le directeur de [&hellip;]\" \/>\n<meta property=\"og:url\" content=\"https:\/\/www.agence-holi.com\/en\/mentions-legales\/\" \/>\n<meta property=\"og:site_name\" content=\"Agence Holi\" \/>\n<meta property=\"article:modified_time\" content=\"2025-05-02T11:48:35+00:00\" \/>\n<meta name=\"twitter:card\" content=\"summary_large_image\" \/>\n<script type=\"application\/ld+json\" class=\"yoast-schema-graph\">{\"@context\":\"https:\/\/schema.org\",\"@graph\":[{\"@type\":\"WebPage\",\"@id\":\"https:\/\/www.agence-holi.com\/mentions-legales\/\",\"url\":\"https:\/\/www.agence-holi.com\/mentions-legales\/\",\"name\":\"Mentions l\u00e9gales - Agence Holi\",\"isPartOf\":{\"@id\":\"https:\/\/www.agence-holi.com\/#website\"},\"datePublished\":\"2025-05-02T11:43:33+00:00\",\"dateModified\":\"2025-05-02T11:48:35+00:00\",\"breadcrumb\":{\"@id\":\"https:\/\/www.agence-holi.com\/mentions-legales\/#breadcrumb\"},\"inLanguage\":\"en-US\",\"potentialAction\":[{\"@type\":\"ReadAction\",\"target\":[\"https:\/\/www.agence-holi.com\/mentions-legales\/\"]}]},{\"@type\":\"BreadcrumbList\",\"@id\":\"https:\/\/www.agence-holi.com\/mentions-legales\/#breadcrumb\",\"itemListElement\":[{\"@type\":\"ListItem\",\"position\":1,\"name\":\"Home\",\"item\":\"https:\/\/www.agence-holi.com\/\"},{\"@type\":\"ListItem\",\"position\":2,\"name\":\"Mentions l\u00e9gales\"}]},{\"@type\":\"WebSite\",\"@id\":\"https:\/\/www.agence-holi.com\/#website\",\"url\":\"https:\/\/www.agence-holi.com\/\",\"name\":\"Agence Holi\",\"description\":\"All over the com\",\"publisher\":{\"@id\":\"https:\/\/www.agence-holi.com\/#organization\"},\"potentialAction\":[{\"@type\":\"SearchAction\",\"target\":{\"@type\":\"EntryPoint\",\"urlTemplate\":\"https:\/\/www.agence-holi.com\/?s={search_term_string}\"},\"query-input\":{\"@type\":\"PropertyValueSpecification\",\"valueRequired\":true,\"valueName\":\"search_term_string\"}}],\"inLanguage\":\"en-US\"},{\"@type\":\"Organization\",\"@id\":\"https:\/\/www.agence-holi.com\/#organization\",\"name\":\"HOLI\",\"url\":\"https:\/\/www.agence-holi.com\/\",\"logo\":{\"@type\":\"ImageObject\",\"inLanguage\":\"en-US\",\"@id\":\"https:\/\/www.agence-holi.com\/#\/schema\/logo\/image\/\",\"url\":\"https:\/\/www.agence-holi.com\/wp-content\/uploads\/2025\/02\/LOGOS-08.svg\",\"contentUrl\":\"https:\/\/www.agence-holi.com\/wp-content\/uploads\/2025\/02\/LOGOS-08.svg\",\"width\":100,\"height\":100,\"caption\":\"HOLI\"},\"image\":{\"@id\":\"https:\/\/www.agence-holi.com\/#\/schema\/logo\/image\/\"},\"sameAs\":[\"https:\/\/fr.linkedin.com\/company\/agence-holi\"]}]}<\/script>\n<!-- \/ Yoast SEO plugin. -->","yoast_head_json":{"title":"Mentions l\u00e9gales - Agence Holi","robots":{"index":"index","follow":"follow","max-snippet":"max-snippet:-1","max-image-preview":"max-image-preview:large","max-video-preview":"max-video-preview:-1"},"canonical":"https:\/\/www.agence-holi.com\/en\/mentions-legales\/","og_locale":"en_US","og_type":"article","og_title":"Mentions l\u00e9gales - Agence Holi","og_description":"Mentions l\u00e9gales Le pr\u00e9sent site est la propri\u00e9t\u00e9 de HOLI ALL OVER THE COMS.A.R.L. au capital de 40 000\u20ac. Immatriculation au RCS de Roubaix-Tourcoing\u00a0404 866 618 00030n\u00b0 APE-NAF :\u00a01813Z Adresse :\u00a061 rue de la Cimaise &#8211; B\u00e2t. A &#8211; 59650 Villeneuve d\u2019AscqT\u00e9l\u00e9phone :\u00a003 20 81 82 83Direction g\u00e9n\u00e9rale :\u00a0Monsieur Lo\u00efc Pennel Publication Le directeur de [&hellip;]","og_url":"https:\/\/www.agence-holi.com\/en\/mentions-legales\/","og_site_name":"Agence Holi","article_modified_time":"2025-05-02T11:48:35+00:00","twitter_card":"summary_large_image","schema":{"@context":"https:\/\/schema.org","@graph":[{"@type":"WebPage","@id":"https:\/\/www.agence-holi.com\/mentions-legales\/","url":"https:\/\/www.agence-holi.com\/mentions-legales\/","name":"Mentions l\u00e9gales - Agence Holi","isPartOf":{"@id":"https:\/\/www.agence-holi.com\/#website"},"datePublished":"2025-05-02T11:43:33+00:00","dateModified":"2025-05-02T11:48:35+00:00","breadcrumb":{"@id":"https:\/\/www.agence-holi.com\/mentions-legales\/#breadcrumb"},"inLanguage":"en-US","potentialAction":[{"@type":"ReadAction","target":["https:\/\/www.agence-holi.com\/mentions-legales\/"]}]},{"@type":"BreadcrumbList","@id":"https:\/\/www.agence-holi.com\/mentions-legales\/#breadcrumb","itemListElement":[{"@type":"ListItem","position":1,"name":"Home","item":"https:\/\/www.agence-holi.com\/"},{"@type":"ListItem","position":2,"name":"Mentions l\u00e9gales"}]},{"@type":"WebSite","@id":"https:\/\/www.agence-holi.com\/#website","url":"https:\/\/www.agence-holi.com\/","name":"Agence Holi","description":"All over the com","publisher":{"@id":"https:\/\/www.agence-holi.com\/#organization"},"potentialAction":[{"@type":"SearchAction","target":{"@type":"EntryPoint","urlTemplate":"https:\/\/www.agence-holi.com\/?s={search_term_string}"},"query-input":{"@type":"PropertyValueSpecification","valueRequired":true,"valueName":"search_term_string"}}],"inLanguage":"en-US"},{"@type":"Organization","@id":"https:\/\/www.agence-holi.com\/#organization","name":"HOLI","url":"https:\/\/www.agence-holi.com\/","logo":{"@type":"ImageObject","inLanguage":"en-US","@id":"https:\/\/www.agence-holi.com\/#\/schema\/logo\/image\/","url":"https:\/\/www.agence-holi.com\/wp-content\/uploads\/2025\/02\/LOGOS-08.svg","contentUrl":"https:\/\/www.agence-holi.com\/wp-content\/uploads\/2025\/02\/LOGOS-08.svg","width":100,"height":100,"caption":"HOLI"},"image":{"@id":"https:\/\/www.agence-holi.com\/#\/schema\/logo\/image\/"},"sameAs":["https:\/\/fr.linkedin.com\/company\/agence-holi"]}]}},"_links":{"self":[{"href":"https:\/\/www.agence-holi.com\/en\/wp-json\/wp\/v2\/pages\/11095","targetHints":{"allow":["GET"]}}],"collection":[{"href":"https:\/\/www.agence-holi.com\/en\/wp-json\/wp\/v2\/pages"}],"about":[{"href":"https:\/\/www.agence-holi.com\/en\/wp-json\/wp\/v2\/types\/page"}],"author":[{"embeddable":true,"href":"https:\/\/www.agence-holi.com\/en\/wp-json\/wp\/v2\/users\/1"}],"replies":[{"embeddable":true,"href":"https:\/\/www.agence-holi.com\/en\/wp-json\/wp\/v2\/comments?post=11095"}],"version-history":[{"count":10,"href":"https:\/\/www.agence-holi.com\/en\/wp-json\/wp\/v2\/pages\/11095\/revisions"}],"predecessor-version":[{"id":11105,"href":"https:\/\/www.agence-holi.com\/en\/wp-json\/wp\/v2\/pages\/11095\/revisions\/11105"}],"wp:attachment":[{"href":"https:\/\/www.agence-holi.com\/en\/wp-json\/wp\/v2\/media?parent=11095"}],"curies":[{"name":"wp","href":"https:\/\/api.w.org\/{rel}","templated":true}]}}